{"id":22032,"date":"2023-08-23T08:00:17","date_gmt":"2023-08-23T08:00:17","guid":{"rendered":"https:\/\/longstayz.com\/?page_id=22032"},"modified":"2024-12-02T13:10:31","modified_gmt":"2024-12-02T13:10:31","slug":"ueber-uns","status":"publish","type":"page","link":"https:\/\/longstayz.com\/de\/ueber-uns\/","title":{"rendered":"\u00dcber uns"},"content":{"rendered":"","protected":false},"excerpt":{"rendered":"","protected":false},"author":1,"featured_media":0,"parent":0,"menu_order":0,"comment_status":"closed","ping_status":"closed","template":"","meta":{"footnotes":""},"class_list":["post-22032","page","type-page","status-publish","hentry"],"post_content":null,"rz_amenities":null,"wpml_language":null,"yoast_head":"<!-- This site is optimized with the Yoast SEO Premium plugin v24.2 (Yoast SEO v24.2) - https:\/\/yoast.com\/wordpress\/plugins\/seo\/ -->\n<title>Longstayz | Hotels mit Langzeitaufenthalt in Dubai &amp; Golfregion<\/title>\n<meta name=\"description\" content=\"Entdecken Sie Longstayz - Ihr Experte f\u00fcr Langzeitaufenthalte in Dubai, Abu Dhabi, Riyadh &amp; Doha. Hotel-Apartments mit bis zu 30% Erm\u00e4\u00dfigung.\" \/>\n<meta name=\"robots\" content=\"index, follow, max-snippet:-1, max-image-preview:large, max-video-preview:-1\" \/>\n<link rel=\"canonical\" href=\"https:\/\/longstayz.com\/de\/ueber-uns\/\" \/>\n<meta property=\"og:locale\" content=\"de_DE\" \/>\n<meta property=\"og:type\" content=\"article\" \/>\n<meta property=\"og:title\" content=\"\u00dcber uns\" \/>\n<meta property=\"og:description\" content=\"Entdecken Sie Longstayz - Ihr Experte f\u00fcr Langzeitaufenthalte in Dubai, Abu Dhabi, Riyadh &amp; Doha. Hotel-Apartments mit bis zu 30% Erm\u00e4\u00dfigung.\" \/>\n<meta property=\"og:url\" content=\"https:\/\/longstayz.com\/de\/ueber-uns\/\" \/>\n<meta property=\"og:site_name\" content=\"Long Stay Hotels in Dubai | Extended Stay Hotels\" \/>\n<meta property=\"article:modified_time\" content=\"2024-12-02T13:10:31+00:00\" \/>\n<meta property=\"og:image\" content=\"https:\/\/longstayz.com\/wp-content\/uploads\/elementor\/thumbs\/about-2-1-qx443nu2jlv8sangou5mx2j7g22tcoajpvwsd5sxzs.jpeg\" \/>\n<meta name=\"twitter:card\" content=\"summary_large_image\" \/>\n<meta name=\"twitter:label1\" content=\"Gesch\u00e4tzte Lesezeit\" \/>\n\t<meta name=\"twitter:data1\" content=\"4\u00a0Minuten\" \/>\n<script type=\"application\/ld+json\" class=\"yoast-schema-graph\">{\"@context\":\"https:\/\/schema.org\",\"@graph\":[{\"@type\":\"WebPage\",\"@id\":\"https:\/\/longstayz.com\/de\/ueber-uns\/\",\"url\":\"https:\/\/longstayz.com\/de\/ueber-uns\/\",\"name\":\"Longstayz | Hotels mit Langzeitaufenthalt in Dubai & Golfregion\",\"isPartOf\":{\"@id\":\"https:\/\/longstayz.com\/de\/#website\"},\"primaryImageOfPage\":{\"@id\":\"https:\/\/longstayz.com\/de\/ueber-uns\/#primaryimage\"},\"image\":{\"@id\":\"https:\/\/longstayz.com\/de\/ueber-uns\/#primaryimage\"},\"thumbnailUrl\":\"https:\/\/longstayz.com\/wp-content\/uploads\/elementor\/thumbs\/about-2-1-qx443nu2jlv8sangou5mx2j7g22tcoajpvwsd5sxzs.jpeg\",\"datePublished\":\"2023-08-23T08:00:17+00:00\",\"dateModified\":\"2024-12-02T13:10:31+00:00\",\"description\":\"Entdecken Sie Longstayz - Ihr Experte f\u00fcr Langzeitaufenthalte in Dubai, Abu Dhabi, Riyadh & Doha. Hotel-Apartments mit bis zu 30% Erm\u00e4\u00dfigung.\",\"breadcrumb\":{\"@id\":\"https:\/\/longstayz.com\/de\/ueber-uns\/#breadcrumb\"},\"inLanguage\":\"de\",\"potentialAction\":[{\"@type\":\"ReadAction\",\"target\":[\"https:\/\/longstayz.com\/de\/ueber-uns\/\"]}]},{\"@type\":\"ImageObject\",\"inLanguage\":\"de\",\"@id\":\"https:\/\/longstayz.com\/de\/ueber-uns\/#primaryimage\",\"url\":\"https:\/\/longstayz.com\/wp-content\/uploads\/elementor\/thumbs\/about-2-1-qx443nu2jlv8sangou5mx2j7g22tcoajpvwsd5sxzs.jpeg\",\"contentUrl\":\"https:\/\/longstayz.com\/wp-content\/uploads\/elementor\/thumbs\/about-2-1-qx443nu2jlv8sangou5mx2j7g22tcoajpvwsd5sxzs.jpeg\"},{\"@type\":\"BreadcrumbList\",\"@id\":\"https:\/\/longstayz.com\/de\/ueber-uns\/#breadcrumb\",\"itemListElement\":[{\"@type\":\"ListItem\",\"position\":1,\"name\":\"Heim\",\"item\":\"https:\/\/longstayz.com\/de\/\"},{\"@type\":\"ListItem\",\"position\":2,\"name\":\"\u00dcber uns\"}]},{\"@type\":\"WebSite\",\"@id\":\"https:\/\/longstayz.com\/de\/#website\",\"url\":\"https:\/\/longstayz.com\/de\/\",\"name\":\"Longstayz | Long Stay Hotels | Extended Hotel Stays in Dubai, Abu-Dhabi, Riyad and Doha.\",\"description\":\"Comfortable Long Stay Hotels for Your Extended Travel in the Middle East.\",\"publisher\":{\"@id\":\"https:\/\/longstayz.com\/de\/#organization\"},\"alternateName\":\"L\u00e4ngere Aufenthalte in Dubai, Abu Dhabi, Riad und Doha leicht gemacht!\",\"potentialAction\":[{\"@type\":\"SearchAction\",\"target\":{\"@type\":\"EntryPoint\",\"urlTemplate\":\"https:\/\/longstayz.com\/de\/?s={search_term_string}\"},\"query-input\":{\"@type\":\"PropertyValueSpecification\",\"valueRequired\":true,\"valueName\":\"search_term_string\"}}],\"inLanguage\":\"de\"},{\"@type\":[\"Organization\",\"Place\"],\"@id\":\"https:\/\/longstayz.com\/de\/#organization\",\"name\":\"Longstayz | Long Stay Hotels | Extended Hotel Stays in Dubai, Abu-Dhabi, Riyad and Doha.\",\"alternateName\":\"L\u00e4ngere Aufenthalte in Dubai, Abu Dhabi, Riad und Doha leicht gemacht!\",\"url\":\"https:\/\/longstayz.com\/\",\"logo\":{\"@type\":\"ImageObject\",\"inLanguage\":\"de\",\"@id\":\"https:\/\/longstayz.com\/de\/#\/schema\/logo\/image\/\",\"url\":\"https:\/\/longstayz.com\/wp-content\/uploads\/2024\/12\/cropped-Longstayz-logo-02-scaled-1.jpg\",\"contentUrl\":\"https:\/\/longstayz.com\/wp-content\/uploads\/2024\/12\/cropped-Longstayz-logo-02-scaled-1.jpg\",\"width\":512,\"height\":512,\"caption\":\"Longstayz | Long Stay Hotels | Extended Hotel Stays in Dubai, Abu-Dhabi, Riyad and Doha.\"},\"image\":{\"@id\":\"https:\/\/longstayz.com\/de\/#\/schema\/logo\/image\/\"},\"sameAs\":[\"https:\/\/www.linkedin.com\/company\/longstayz\/about\/\",\"https:\/\/www.instagram.com\/longstayz\/?igsh=MWxnMDl4MGZ3NnRrOA==\"],\"description\":\"\ud83d\ude34Longstayz is a unique stay more, pay less hotel booking service that enables customers to find the perfect accommodation and best deals for their extended stays of 7+ days. \ud83d\udca1Why commit to long-term renting or buying, when you can pay less to stay in a well-located, fully-furnished hotel, flat or villa? This question inspired the launch of Longstayz because it makes sense to us! \ud83d\udcb5Not only is it cost-effective, flexible and convenient to stay a while and explore new locations with our accommodation partners without the added hassle of long-term commitments, but you also get to enjoy the freedom to fulfil your wanderlust. \ud83d\udca4Forget the humdrum of contracts, utility bills and maintenance fees! Travel, explore, and be spontaneous instead! \ud83d\udca1Smart travel management We organize your entire business trip so that you have time for the really important things. From simple planning to booking processes, everything is combined in our business travel service.Smart travel management We organize your entire business trip so that you have time for the really important things. From simple planning to booking processes, everything is combined in our business travel service.\",\"legalName\":\"Longstayz\",\"numberOfEmployees\":{\"@type\":\"QuantitativeValue\",\"minValue\":\"1\",\"maxValue\":\"10\"},\"publishingPrinciples\":\"https:\/\/longstayz.com\/faq\/\",\"ownershipFundingInfo\":\"https:\/\/longstayz.com\/about-2\/\",\"actionableFeedbackPolicy\":\"https:\/\/longstayz.com\/faq\/\",\"correctionsPolicy\":\"https:\/\/longstayz.com\/support\/\",\"telephone\":[\"+491629864264\"],\"contactPoint\":{\"@type\":\"ContactPoint\",\"telephone\":\"+491629864264\",\"email\":\"support@logstayz.com\"},\"email\":\"support@logstayz.com\",\"openingHoursSpecification\":[{\"@type\":\"OpeningHoursSpecification\",\"dayOfWeek\":[\"Monday\",\"Tuesday\",\"Wednesday\",\"Thursday\",\"Friday\",\"Saturday\",\"Sunday\"],\"opens\":\"09:00\",\"closes\":\"17:00\"}]}]}<\/script>\n<!-- \/ Yoast SEO Premium plugin. -->","yoast_head_json":{"title":"Longstayz | Hotels mit Langzeitaufenthalt in Dubai & Golfregion","description":"Entdecken Sie Longstayz - Ihr Experte f\u00fcr Langzeitaufenthalte in Dubai, Abu Dhabi, Riyadh & Doha. Hotel-Apartments mit bis zu 30% Erm\u00e4\u00dfigung.","robots":{"index":"index","follow":"follow","max-snippet":"max-snippet:-1","max-image-preview":"max-image-preview:large","max-video-preview":"max-video-preview:-1"},"canonical":"https:\/\/longstayz.com\/de\/ueber-uns\/","og_locale":"de_DE","og_type":"article","og_title":"\u00dcber uns","og_description":"Entdecken Sie Longstayz - Ihr Experte f\u00fcr Langzeitaufenthalte in Dubai, Abu Dhabi, Riyadh & Doha. Hotel-Apartments mit bis zu 30% Erm\u00e4\u00dfigung.","og_url":"https:\/\/longstayz.com\/de\/ueber-uns\/","og_site_name":"Long Stay Hotels in Dubai | Extended Stay Hotels","article_modified_time":"2024-12-02T13:10:31+00:00","og_image":[{"url":"https:\/\/longstayz.com\/wp-content\/uploads\/elementor\/thumbs\/about-2-1-qx443nu2jlv8sangou5mx2j7g22tcoajpvwsd5sxzs.jpeg","type":"","width":"","height":""}],"twitter_card":"summary_large_image","twitter_misc":{"Gesch\u00e4tzte Lesezeit":"4\u00a0Minuten"},"schema":{"@context":"https:\/\/schema.org","@graph":[{"@type":"WebPage","@id":"https:\/\/longstayz.com\/de\/ueber-uns\/","url":"https:\/\/longstayz.com\/de\/ueber-uns\/","name":"Longstayz | Hotels mit Langzeitaufenthalt in Dubai & Golfregion","isPartOf":{"@id":"https:\/\/longstayz.com\/de\/#website"},"primaryImageOfPage":{"@id":"https:\/\/longstayz.com\/de\/ueber-uns\/#primaryimage"},"image":{"@id":"https:\/\/longstayz.com\/de\/ueber-uns\/#primaryimage"},"thumbnailUrl":"https:\/\/longstayz.com\/wp-content\/uploads\/elementor\/thumbs\/about-2-1-qx443nu2jlv8sangou5mx2j7g22tcoajpvwsd5sxzs.jpeg","datePublished":"2023-08-23T08:00:17+00:00","dateModified":"2024-12-02T13:10:31+00:00","description":"Entdecken Sie Longstayz - Ihr Experte f\u00fcr Langzeitaufenthalte in Dubai, Abu Dhabi, Riyadh & Doha. Hotel-Apartments mit bis zu 30% Erm\u00e4\u00dfigung.","breadcrumb":{"@id":"https:\/\/longstayz.com\/de\/ueber-uns\/#breadcrumb"},"inLanguage":"de","potentialAction":[{"@type":"ReadAction","target":["https:\/\/longstayz.com\/de\/ueber-uns\/"]}]},{"@type":"ImageObject","inLanguage":"de","@id":"https:\/\/longstayz.com\/de\/ueber-uns\/#primaryimage","url":"https:\/\/longstayz.com\/wp-content\/uploads\/elementor\/thumbs\/about-2-1-qx443nu2jlv8sangou5mx2j7g22tcoajpvwsd5sxzs.jpeg","contentUrl":"https:\/\/longstayz.com\/wp-content\/uploads\/elementor\/thumbs\/about-2-1-qx443nu2jlv8sangou5mx2j7g22tcoajpvwsd5sxzs.jpeg"},{"@type":"BreadcrumbList","@id":"https:\/\/longstayz.com\/de\/ueber-uns\/#breadcrumb","itemListElement":[{"@type":"ListItem","position":1,"name":"Heim","item":"https:\/\/longstayz.com\/de\/"},{"@type":"ListItem","position":2,"name":"\u00dcber uns"}]},{"@type":"WebSite","@id":"https:\/\/longstayz.com\/de\/#website","url":"https:\/\/longstayz.com\/de\/","name":"Longstayz | Long Stay Hotels | Extended Hotel Stays in Dubai, Abu-Dhabi, Riyad and Doha.","description":"Comfortable Long Stay Hotels for Your Extended Travel in the Middle East.","publisher":{"@id":"https:\/\/longstayz.com\/de\/#organization"},"alternateName":"L\u00e4ngere Aufenthalte in Dubai, Abu Dhabi, Riad und Doha leicht gemacht!","potentialAction":[{"@type":"SearchAction","target":{"@type":"EntryPoint","urlTemplate":"https:\/\/longstayz.com\/de\/?s={search_term_string}"},"query-input":{"@type":"PropertyValueSpecification","valueRequired":true,"valueName":"search_term_string"}}],"inLanguage":"de"},{"@type":["Organization","Place"],"@id":"https:\/\/longstayz.com\/de\/#organization","name":"Longstayz | Long Stay Hotels | Extended Hotel Stays in Dubai, Abu-Dhabi, Riyad and Doha.","alternateName":"L\u00e4ngere Aufenthalte in Dubai, Abu Dhabi, Riad und Doha leicht gemacht!","url":"https:\/\/longstayz.com\/","logo":{"@type":"ImageObject","inLanguage":"de","@id":"https:\/\/longstayz.com\/de\/#\/schema\/logo\/image\/","url":"https:\/\/longstayz.com\/wp-content\/uploads\/2024\/12\/cropped-Longstayz-logo-02-scaled-1.jpg","contentUrl":"https:\/\/longstayz.com\/wp-content\/uploads\/2024\/12\/cropped-Longstayz-logo-02-scaled-1.jpg","width":512,"height":512,"caption":"Longstayz | Long Stay Hotels | Extended Hotel Stays in Dubai, Abu-Dhabi, Riyad and Doha."},"image":{"@id":"https:\/\/longstayz.com\/de\/#\/schema\/logo\/image\/"},"sameAs":["https:\/\/www.linkedin.com\/company\/longstayz\/about\/","https:\/\/www.instagram.com\/longstayz\/?igsh=MWxnMDl4MGZ3NnRrOA=="],"description":"\ud83d\ude34Longstayz is a unique stay more, pay less hotel booking service that enables customers to find the perfect accommodation and best deals for their extended stays of 7+ days. \ud83d\udca1Why commit to long-term renting or buying, when you can pay less to stay in a well-located, fully-furnished hotel, flat or villa? This question inspired the launch of Longstayz because it makes sense to us! \ud83d\udcb5Not only is it cost-effective, flexible and convenient to stay a while and explore new locations with our accommodation partners without the added hassle of long-term commitments, but you also get to enjoy the freedom to fulfil your wanderlust. \ud83d\udca4Forget the humdrum of contracts, utility bills and maintenance fees! Travel, explore, and be spontaneous instead! \ud83d\udca1Smart travel management We organize your entire business trip so that you have time for the really important things. From simple planning to booking processes, everything is combined in our business travel service.Smart travel management We organize your entire business trip so that you have time for the really important things. From simple planning to booking processes, everything is combined in our business travel service.","legalName":"Longstayz","numberOfEmployees":{"@type":"QuantitativeValue","minValue":"1","maxValue":"10"},"publishingPrinciples":"https:\/\/longstayz.com\/faq\/","ownershipFundingInfo":"https:\/\/longstayz.com\/about-2\/","actionableFeedbackPolicy":"https:\/\/longstayz.com\/faq\/","correctionsPolicy":"https:\/\/longstayz.com\/support\/","telephone":["+491629864264"],"contactPoint":{"@type":"ContactPoint","telephone":"+491629864264","email":"support@logstayz.com"},"email":"support@logstayz.com","openingHoursSpecification":[{"@type":"OpeningHoursSpecification","dayOfWeek":["Monday","Tuesday","Wednesday","Thursday","Friday","Saturday","Sunday"],"opens":"09:00","closes":"17:00"}]}]}},"_links":{"self":[{"href":"https:\/\/longstayz.com\/de\/wp-json\/wp\/v2\/pages\/22032","targetHints":{"allow":["GET"]}}],"collection":[{"href":"https:\/\/longstayz.com\/de\/wp-json\/wp\/v2\/pages"}],"about":[{"href":"https:\/\/longstayz.com\/de\/wp-json\/wp\/v2\/types\/page"}],"author":[{"embeddable":true,"href":"https:\/\/longstayz.com\/de\/wp-json\/wp\/v2\/users\/1"}],"replies":[{"embeddable":true,"href":"https:\/\/longstayz.com\/de\/wp-json\/wp\/v2\/comments?post=22032"}],"version-history":[{"count":10,"href":"https:\/\/longstayz.com\/de\/wp-json\/wp\/v2\/pages\/22032\/revisions"}],"predecessor-version":[{"id":22277,"href":"https:\/\/longstayz.com\/de\/wp-json\/wp\/v2\/pages\/22032\/revisions\/22277"}],"wp:attachment":[{"href":"https:\/\/longstayz.com\/de\/wp-json\/wp\/v2\/media?parent=22032"}],"curies":[{"name":"wp","href":"https:\/\/api.w.org\/{rel}","templated":true}]}}